{"id":1621,"date":"2015-06-22T14:41:58","date_gmt":"2015-06-22T12:41:58","guid":{"rendered":"http:\/\/www.mellofarm.gr\/?page_id=1621"},"modified":"2020-05-17T00:55:35","modified_gmt":"2020-05-16T21:55:35","slug":"home-page-3","status":"publish","type":"page","link":"https:\/\/www.mellofarm.gr\/fr","title":{"rendered":"Home Page"},"content":{"rendered":"\n  <div class=\"banner has-hover is-full-height has-parallax\" id=\"banner-707971883\">\n          <div class=\"banner-inner fill\">\n        <div class=\"banner-bg fill\" data-parallax=\"-4\" data-parallax-container=\".banner\" data-parallax-background>\n            <div class=\"bg fill bg-fill \"><\/div>\n                        <div class=\"overlay\"><\/div>            \n                    <\/div>\n        <div class=\"banner-layers container\">\n            <div class=\"fill banner-link\"><\/div>            \n\t<div class=\"img has-hover x15 md-x25 lg-x25 y85 md-y95 lg-y95\" id=\"image_827278215\">\n\t\t\t\t\t\t<div data-animate=\"fadeInUp\">\t\t<div class=\"img-inner box-shadow-1-hover dark\" >\n\t\t\t<img loading=\"lazy\" decoding=\"async\" width=\"154\" height=\"600\" src=\"https:\/\/www.mellofarm.gr\/wp-content\/uploads\/2020\/05\/mellelaion-xakrismeno-01.png\" class=\"attachment-large size-large\" alt=\"mellelaion\" srcset=\"https:\/\/www.mellofarm.gr\/wp-content\/uploads\/2020\/05\/mellelaion-xakrismeno-01.png 154w, https:\/\/www.mellofarm.gr\/wp-content\/uploads\/2020\/05\/mellelaion-xakrismeno-01-77x300.png 77w\" sizes=\"auto, (max-width: 154px) 100vw, 154px\" \/>\t\t\t\t\t\t\n\t\t\t\t\t<\/div>\n\t\t<\/div>\t\t\t\t\t\t\n<style>\n#image_827278215 {\n  width: 18%;\n}\n@media (min-width:550px) {\n  #image_827278215 {\n    width: 9%;\n  }\n}\n<\/style>\n\t<\/div>\n\t\n   <div id=\"text-box-63917091\" class=\"text-box banner-layer x95 md-x85 lg-x85 y70 md-y75 lg-y75 res-text\">\n                     <div data-animate=\"fadeInUp\">           <div class=\"text dark text-shadow-2\">\n              \n              <div class=\"text-inner text-center\">\n                  \n<h2>D\u00e9couvrez Mellelaion<\/h2>\n<h4>Excellente huile d&rsquo;olive vierge de Kranidi<\/h4>\n              <\/div>\n           <\/div>\n       <\/div>                     \n<style>\n#text-box-63917091 {\n  margin: 0 0px 0px 0px;\n  width: 59%;\n}\n#text-box-63917091 .text-inner {\n  padding: 0px 0px 0px 0px;\n}\n#text-box-63917091 .text {\n  font-size: 100%;\n}\n@media (min-width:550px) {\n  #text-box-63917091 {\n    width: 47%;\n  }\n}\n<\/style>\n    <\/div>\n \n        <\/div>\n      <\/div>\n\n            \n<style>\n#banner-707971883 {\n  padding-top: 100%;\n}\n#banner-707971883 .bg.bg-loaded {\n  background-image: url(https:\/\/www.mellofarm.gr\/wp-content\/uploads\/2020\/05\/mellofarm-elaionas-01.jpg);\n}\n#banner-707971883 .overlay {\n  background-color: rgba(113, 150, 75, 0.27);\n}\n<\/style>\n  <\/div>\n\n\n\t<section class=\"section\" id=\"section_95709425\">\n\t\t<div class=\"bg section-bg fill bg-fill  bg-loaded\" >\n\n\t\t\t\n\t\t\t\n\t\t\t\n\t<div class=\"is-border\"\n\t\tstyle=\"border-color:rgb(235, 235, 235);border-width:1px 0px 0px 0px;\">\n\t<\/div>\n\n\t\t<\/div>\n\n\t\t<div class=\"section-content relative\">\n\t\t\t\n<div class=\"row\"  id=\"row-1005710567\">\n\n\t<div id=\"col-1851557645\" class=\"col medium-6 small-12 large-6\"  >\n\t\t<div class=\"col-inner\"  >\n\t\t\t\n\t\t\t\n\n\t\t<div class=\"icon-box featured-box icon-box-top text-left\"  style=\"margin:px px px px;\">\n\t\t\t\t<div class=\"icon-box-text last-reset\">\n\t\t\t\t\t\t\t\t\t\n<h4>HUILE D\u2019OLIVE GRECQUE EXTRA-VIERGE<\/h4>\n<p>Sur cette terre grecque, benite des dieux d\u2019 \u039flympe, au soleil eclatant et au doux climat europeen, pousse l\u2019olivier et est produite l\u2019huile grecque, reputee pour sa qualite remarquable. Les grecs anciens, excellents connaisseurs de ses vertus therapeutiques et epris de gastronomie de qualite ont adopte, tout comme les grecs contemporains, l\u2019huile d\u2019olive comme ingredient de base de la cuisine grecque. <a href=\"\/fr\/huile-dolive-grecque-extra-vierge\">&gt;&gt;&gt;<\/a><\/p>\n\t\t<\/div>\n\t<\/div>\n\t\n\t\n\t\t<\/div>\n\t\t\t<\/div>\n\n\t\n\n\t<div id=\"col-36878554\" class=\"col medium-6 small-12 large-6\"  >\n\t\t<div class=\"col-inner\"  >\n\t\t\t\n\t\t\t\n<h4>MELLOFARM &#8211; L\u2019OLIVERAIE<\/h4>\n<p>Situ\u00e9 sur le littoral, l\u2019Hermionide est un site d\u2019une grande beaut\u00e9 naturelle, avec de belles plages et un important d\u00e9veloppement touristique. Cette r\u00e9gion regorge d\u2019oliveraies, de champs d\u2019agrumes et de savoureuses cultures mara\u00eech\u00e8res; on y trouve aussi des grenades r\u00e9put\u00e9es et des barques de p\u00eacheurs pleines de poissons frais. Son climat se distingue par un hiver doux, de faibles pr\u00e9cipitations et de grandes p\u00e9riodes d\u2019ensoleillement. <a href=\"https:\/\/www.mellofarm.gr\/fr\/loliveraie\">&gt;&gt;&gt;<\/a><\/p>\n\t\t<\/div>\n\t\t\t<\/div>\n\n\t\n\n<style>\n#row-1005710567 > .col > .col-inner {\n  padding: 25px 0px 0px 0px;\n}\n<\/style>\n<\/div>\n\t\t<\/div>\n\n\t\t\n<style>\n#section_95709425 {\n  padding-top: 20px;\n  padding-bottom: 20px;\n  background-color: rgb(245, 245, 245);\n}\n<\/style>\n\t<\/section>\n\t\n\t<div id=\"gap-1520886678\" class=\"gap-element clearfix\" style=\"display:block; height:auto;\">\n\t\t\n<style>\n#gap-1520886678 {\n  padding-top: 30px;\n}\n<\/style>\n\t<\/div>\n\t\n<div class=\"container section-title-container\" style=\"margin-top:25px;\"><h3 class=\"section-title section-title-center\"><b><\/b><span class=\"section-title-main\" >\u0394\u03b9\u03b1\u03b2\u03ac\u03c3\u03c4\u03b5 \u03b1\u03c1\u03b8\u03c1\u03bf\u03b3\u03c1\u03b1\u03c6\u03af\u03b1 \u03b1\u03c0\u03cc \u03c4\u03bf blog \u03bc\u03b1\u03c2<\/span><b><\/b><\/h3><\/div>\n  <style>\n    #row-2052897772 .grid-col-1{height: 600px}\n    #row-2052897772 .grid-col-1-2{height: 300px}\n    #row-2052897772 .grid-col-1-3{height:200px}\n    #row-2052897772 .grid-col-2-3{height: 400px}\n    #row-2052897772 .grid-col-1-4{height: 150px}\n    #row-2052897772 .grid-col-3-4{height: 450px}\n\n\n        \/* Tablet *\/\n    @media (max-width: 850px){\n      #row-2052897772 .grid-col-1{height: 400px}\n      #row-2052897772 .grid-col-1-2{height: 200px}\n      #row-2052897772 .grid-col-1-3{height:133.33333333333px}\n      #row-2052897772 .grid-col-2-3{height: 266.66666666667px}\n      #row-2052897772 .grid-col-1-4{height: 100px}\n      #row-2052897772 .grid-col-3-4{height: 300px}\n    }\n    \n        \/* Mobile *\/\n    @media (max-width: 550px){\n      #row-2052897772 .grid-col-1{height: 400px}\n      #row-2052897772 .grid-col-1-2{height: 200px}\n      #row-2052897772 .grid-col-1-3{height:133.33333333333px}\n      #row-2052897772 .grid-col-2-3{height: 266.66666666667px}\n      #row-2052897772 .grid-col-1-4{height: 100px}\n      #row-2052897772 .grid-col-3-4{height: 300px}\n    }\n    \n\n  <\/style>\n  \n  \n    <div id=\"row-2052897772\" class=\"row row-small row-grid\" data-packery-options='{\"itemSelector\": \".col\", \"gutter\": 0, \"presentageWidth\" : true}'>\n\n  \t\t<div class=\"col post-item grid-col grid-col-2-3 large-6 medium-12\" >\n\t\t\t<div class=\"col-inner\">\n\t\t\t<a href=\"https:\/\/www.mellofarm.gr\/fr\/huile-dolive-extra-vierge-grecque-2\" class=\"plain\">\n\t\t\t\t<div class=\"box box-overlay dark box-text-bottom box-blog-post has-hover\">\n            \t\t\t\t\t<div class=\"box-image\" style=\"border-radius:2%;\">\n  \t\t\t\t\t\t<div class=\"image-zoom image-cover\" style=\"padding-top:56%;\">\n  \t\t\t\t\t\t\t<img loading=\"lazy\" decoding=\"async\" width=\"600\" height=\"600\" src=\"https:\/\/www.mellofarm.gr\/wp-content\/uploads\/2016\/10\/agourelaion5lt-mellelaion-600x600.jpg\" class=\"attachment-large size-large wp-post-image\" alt=\"aoron olive oil Mell-Elaion\" srcset=\"https:\/\/www.mellofarm.gr\/wp-content\/uploads\/2016\/10\/agourelaion5lt-mellelaion.jpg 600w, https:\/\/www.mellofarm.gr\/wp-content\/uploads\/2016\/10\/agourelaion5lt-mellelaion-100x100.jpg 100w, https:\/\/www.mellofarm.gr\/wp-content\/uploads\/2016\/10\/agourelaion5lt-mellelaion-150x150.jpg 150w, https:\/\/www.mellofarm.gr\/wp-content\/uploads\/2016\/10\/agourelaion5lt-mellelaion-300x300.jpg 300w, https:\/\/www.mellofarm.gr\/wp-content\/uploads\/2016\/10\/agourelaion5lt-mellelaion-148x148.jpg 148w, https:\/\/www.mellofarm.gr\/wp-content\/uploads\/2016\/10\/agourelaion5lt-mellelaion-31x31.jpg 31w, https:\/\/www.mellofarm.gr\/wp-content\/uploads\/2016\/10\/agourelaion5lt-mellelaion-38x38.jpg 38w, https:\/\/www.mellofarm.gr\/wp-content\/uploads\/2016\/10\/agourelaion5lt-mellelaion-215x215.jpg 215w, https:\/\/www.mellofarm.gr\/wp-content\/uploads\/2016\/10\/agourelaion5lt-mellelaion-287x287.jpg 287w\" sizes=\"auto, (max-width: 600px) 100vw, 600px\" \/>  \t\t\t\t\t\t\t<div class=\"overlay\" style=\"background-color: rgba(0,0,0,.25)\"><\/div>  \t\t\t\t\t\t\t  \t\t\t\t\t\t<\/div>\n  \t\t\t\t\t\t  \t\t\t\t\t<\/div>\n          \t\t\t\t\t<div class=\"box-text text-left\" style=\"padding:0px 10px 5px 15px;\">\n\t\t\t\t\t<div class=\"box-text-inner blog-post-inner\">\n\n\t\t\t\t\t\n\t\t\t\t\t\t\t\t\t\t<h5 class=\"post-title is-large \">Aprovisionnement professionnel de mellofarm<\/h5>\n\t\t\t\t\t<div class=\"post-meta is-small op-8\">3 avril 2021<\/div>\t\t\t\t\t<div class=\"is-divider\"><\/div>\n\t\t\t\t\t                    \n\t\t\t\t\t\n\t\t\t\t\t\n\t\t\t\t\t<\/div>\n\t\t\t\t\t<\/div>\n\t\t\t\t\t\t\t\t\t<\/div>\n\t\t\t\t<\/a>\n\t\t\t<\/div>\n\t\t<\/div>\n\t\t<div class=\"col post-item grid-col grid-col-1-2 large-3 medium-6\" >\n\t\t\t<div class=\"col-inner\">\n\t\t\t<a href=\"https:\/\/www.mellofarm.gr\/fr\/elaiolado-olive-oil-tips-fr\/les-gimblettes-de-kranidi-a-lhuile\" class=\"plain\">\n\t\t\t\t<div class=\"box box-overlay dark box-text-bottom box-blog-post has-hover\">\n            \t\t\t\t\t<div class=\"box-image\" style=\"border-radius:2%;\">\n  \t\t\t\t\t\t<div class=\"image-zoom image-cover\" style=\"padding-top:56%;\">\n  \t\t\t\t\t\t\t<img loading=\"lazy\" decoding=\"async\" width=\"150\" height=\"150\" src=\"https:\/\/www.mellofarm.gr\/wp-content\/uploads\/2012\/12\/KOULOURAKIA-KRANIDIOU1-150x150.jpg\" class=\"attachment-thumbnail size-thumbnail wp-post-image\" alt=\"KOULOYRAKIA KRANIDIOU ME EXTRA VIRGIN OLIVEOIL MELLELAION\" \/>  \t\t\t\t\t\t\t<div class=\"overlay\" style=\"background-color: rgba(0,0,0,.25)\"><\/div>  \t\t\t\t\t\t\t  \t\t\t\t\t\t<\/div>\n  \t\t\t\t\t\t  \t\t\t\t\t<\/div>\n          \t\t\t\t\t<div class=\"box-text text-left\" style=\"padding:0px 10px 5px 15px;\">\n\t\t\t\t\t<div class=\"box-text-inner blog-post-inner\">\n\n\t\t\t\t\t\n\t\t\t\t\t\t\t\t\t\t<h5 class=\"post-title is-large \">Les gimblettes de Kranidi a l\u2019huile<\/h5>\n\t\t\t\t\t<div class=\"post-meta is-small op-8\">22 d\u00e9cembre 2012<\/div>\t\t\t\t\t<div class=\"is-divider\"><\/div>\n\t\t\t\t\t                    \n\t\t\t\t\t\n\t\t\t\t\t\n\t\t\t\t\t<\/div>\n\t\t\t\t\t<\/div>\n\t\t\t\t\t\t\t\t\t<\/div>\n\t\t\t\t<\/a>\n\t\t\t<\/div>\n\t\t<\/div>\n\t\t<div class=\"col post-item grid-col grid-col-1 large-3 medium-6\" >\n\t\t\t<div class=\"col-inner\">\n\t\t\t<a href=\"https:\/\/www.mellofarm.gr\/fr\/la-galette-de-ma-grand-mere\" class=\"plain\">\n\t\t\t\t<div class=\"box box-overlay dark box-text-bottom box-blog-post has-hover\">\n            \t\t\t\t\t<div class=\"box-image\" style=\"border-radius:2%;\">\n  \t\t\t\t\t\t<div class=\"image-zoom image-cover\" style=\"padding-top:56%;\">\n  \t\t\t\t\t\t\t<img loading=\"lazy\" decoding=\"async\" width=\"298\" height=\"300\" src=\"https:\/\/www.mellofarm.gr\/wp-content\/uploads\/2012\/11\/tiganopsoma-mellelaion-298x300.jpg\" class=\"attachment-medium size-medium wp-post-image\" alt=\"\u03a4\u03b7\u03b3\u03b1\u03bd\u03cc\u03c8\u03c9\u03bc\u03b1 \u03c6\u03c4\u03b9\u03b1\u03b3\u03bc\u03ad\u03bd\u03b1 \u03bc\u03b5 Mellelaion\" srcset=\"https:\/\/www.mellofarm.gr\/wp-content\/uploads\/2012\/11\/tiganopsoma-mellelaion-298x300.jpg 298w, https:\/\/www.mellofarm.gr\/wp-content\/uploads\/2012\/11\/tiganopsoma-mellelaion-150x150.jpg 150w, https:\/\/www.mellofarm.gr\/wp-content\/uploads\/2012\/11\/tiganopsoma-mellelaion-148x148.jpg 148w, https:\/\/www.mellofarm.gr\/wp-content\/uploads\/2012\/11\/tiganopsoma-mellelaion-31x31.jpg 31w, https:\/\/www.mellofarm.gr\/wp-content\/uploads\/2012\/11\/tiganopsoma-mellelaion-38x38.jpg 38w, https:\/\/www.mellofarm.gr\/wp-content\/uploads\/2012\/11\/tiganopsoma-mellelaion-213x215.jpg 213w, https:\/\/www.mellofarm.gr\/wp-content\/uploads\/2012\/11\/tiganopsoma-mellelaion.jpg 600w\" sizes=\"auto, (max-width: 298px) 100vw, 298px\" \/>  \t\t\t\t\t\t\t<div class=\"overlay\" style=\"background-color: rgba(0,0,0,.25)\"><\/div>  \t\t\t\t\t\t\t  \t\t\t\t\t\t<\/div>\n  \t\t\t\t\t\t  \t\t\t\t\t<\/div>\n          \t\t\t\t\t<div class=\"box-text text-left\" style=\"padding:0px 10px 5px 15px;\">\n\t\t\t\t\t<div class=\"box-text-inner blog-post-inner\">\n\n\t\t\t\t\t\n\t\t\t\t\t\t\t\t\t\t<h5 class=\"post-title is-large \">La galette de ma grand-mere<\/h5>\n\t\t\t\t\t<div class=\"post-meta is-small op-8\">30 novembre 2012<\/div>\t\t\t\t\t<div class=\"is-divider\"><\/div>\n\t\t\t\t\t                    \n\t\t\t\t\t\n\t\t\t\t\t\n\t\t\t\t\t<\/div>\n\t\t\t\t\t<\/div>\n\t\t\t\t\t\t\t\t\t<\/div>\n\t\t\t\t<\/a>\n\t\t\t<\/div>\n\t\t<\/div>\n\t\t<div class=\"col post-item grid-col grid-col-1-2 large-3 medium-6\" >\n\t\t\t<div class=\"col-inner\">\n\t\t\t<a href=\"https:\/\/www.mellofarm.gr\/fr\/mellofar-online-fr\/mode-de-conservation-et-de-conditionnement-du-mellelaion\" class=\"plain\">\n\t\t\t\t<div class=\"box box-overlay dark box-text-bottom box-blog-post has-hover\">\n            \t\t\t\t\t<div class=\"box-image\" style=\"border-radius:2%;\">\n  \t\t\t\t\t\t<div class=\"image-zoom image-cover\" style=\"padding-top:56%;\">\n  \t\t\t\t\t\t\t<img loading=\"lazy\" decoding=\"async\" width=\"150\" height=\"150\" src=\"https:\/\/www.mellofarm.gr\/wp-content\/uploads\/2012\/11\/siskeuasies-150x150.jpg\" class=\"attachment-thumbnail size-thumbnail wp-post-image\" alt=\"\u03a3\u03c5\u03c3\u03ba\u03b5\u03c5\u03b1\u03c3\u03af\u03b5\u03c2 1ltr &amp; 5ltr Mellelaion\" \/>  \t\t\t\t\t\t\t<div class=\"overlay\" style=\"background-color: rgba(0,0,0,.25)\"><\/div>  \t\t\t\t\t\t\t  \t\t\t\t\t\t<\/div>\n  \t\t\t\t\t\t  \t\t\t\t\t<\/div>\n          \t\t\t\t\t<div class=\"box-text text-left\" style=\"padding:0px 10px 5px 15px;\">\n\t\t\t\t\t<div class=\"box-text-inner blog-post-inner\">\n\n\t\t\t\t\t\n\t\t\t\t\t\t\t\t\t\t<h5 class=\"post-title is-large \">Mode de conservation et de conditionnement du mellelaion<\/h5>\n\t\t\t\t\t<div class=\"post-meta is-small op-8\">13 novembre 2012<\/div>\t\t\t\t\t<div class=\"is-divider\"><\/div>\n\t\t\t\t\t                    \n\t\t\t\t\t\n\t\t\t\t\t\n\t\t\t\t\t<\/div>\n\t\t\t\t\t<\/div>\n\t\t\t\t\t\t\t\t\t<\/div>\n\t\t\t\t<\/a>\n\t\t\t<\/div>\n\t\t<\/div>\n\t\t<div class=\"col post-item grid-col grid-col-1-3 large-6 medium-12\" >\n\t\t\t<div class=\"col-inner\">\n\t\t\t<a href=\"https:\/\/www.mellofarm.gr\/fr\/mellofar-online-fr\/mode-de-production-de-notre-huile-dolive\" class=\"plain\">\n\t\t\t\t<div class=\"box box-overlay dark box-text-bottom box-blog-post has-hover\">\n            \t\t\t\t\t<div class=\"box-image\" style=\"border-radius:2%;\">\n  \t\t\t\t\t\t<div class=\"image-zoom image-cover\" style=\"padding-top:56%;\">\n  \t\t\t\t\t\t\t<img loading=\"lazy\" decoding=\"async\" width=\"300\" height=\"174\" src=\"https:\/\/www.mellofarm.gr\/wp-content\/uploads\/2012\/11\/elies-300x174.jpg\" class=\"attachment-medium size-medium wp-post-image\" alt=\"\u03a3\u03c5\u03bb\u03bb\u03bf\u03b3\u03ae \u0395\u03bb\u03b1\u03b9\u03bf\u03ba\u03ac\u03c1\u03c0\u03bf\u03c5\" srcset=\"https:\/\/www.mellofarm.gr\/wp-content\/uploads\/2012\/11\/elies-300x174.jpg 300w, https:\/\/www.mellofarm.gr\/wp-content\/uploads\/2012\/11\/elies-148x85.jpg 148w, https:\/\/www.mellofarm.gr\/wp-content\/uploads\/2012\/11\/elies-31x17.jpg 31w, https:\/\/www.mellofarm.gr\/wp-content\/uploads\/2012\/11\/elies-38x22.jpg 38w, https:\/\/www.mellofarm.gr\/wp-content\/uploads\/2012\/11\/elies-370x215.jpg 370w, https:\/\/www.mellofarm.gr\/wp-content\/uploads\/2012\/11\/elies.jpg 600w\" sizes=\"auto, (max-width: 300px) 100vw, 300px\" \/>  \t\t\t\t\t\t\t<div class=\"overlay\" style=\"background-color: rgba(0,0,0,.25)\"><\/div>  \t\t\t\t\t\t\t  \t\t\t\t\t\t<\/div>\n  \t\t\t\t\t\t  \t\t\t\t\t<\/div>\n          \t\t\t\t\t<div class=\"box-text text-left\" style=\"padding:0px 10px 5px 15px;\">\n\t\t\t\t\t<div class=\"box-text-inner blog-post-inner\">\n\n\t\t\t\t\t\n\t\t\t\t\t\t\t\t\t\t<h5 class=\"post-title is-large \">Mode de production de notre huile d\u2019olive<\/h5>\n\t\t\t\t\t<div class=\"post-meta is-small op-8\">13 novembre 2012<\/div>\t\t\t\t\t<div class=\"is-divider\"><\/div>\n\t\t\t\t\t                    \n\t\t\t\t\t\n\t\t\t\t\t\n\t\t\t\t\t<\/div>\n\t\t\t\t\t<\/div>\n\t\t\t\t\t\t\t\t\t<\/div>\n\t\t\t\t<\/a>\n\t\t\t<\/div>\n\t\t<\/div>\n\t\t<div class=\"col post-item grid-col grid-col-1-3 large-6 medium-12\" >\n\t\t\t<div class=\"col-inner\">\n\t\t\t<a href=\"https:\/\/www.mellofarm.gr\/fr\/elaiolado-olive-oil-tips-fr\/comment-preparer-et-conserver-des-olives-pour-la-table\" class=\"plain\">\n\t\t\t\t<div class=\"box box-overlay dark box-text-bottom box-blog-post has-hover\">\n            \t\t\t\t\t<div class=\"box-image\" style=\"border-radius:2%;\">\n  \t\t\t\t\t\t<div class=\"image-zoom image-cover\" style=\"padding-top:56%;\">\n  \t\t\t\t\t\t\t<img loading=\"lazy\" decoding=\"async\" width=\"300\" height=\"225\" src=\"https:\/\/www.mellofarm.gr\/wp-content\/uploads\/2012\/11\/elies-xoufta-300x225.jpg\" class=\"attachment-medium size-medium wp-post-image\" alt=\"\" srcset=\"https:\/\/www.mellofarm.gr\/wp-content\/uploads\/2012\/11\/elies-xoufta-300x225.jpg 300w, https:\/\/www.mellofarm.gr\/wp-content\/uploads\/2012\/11\/elies-xoufta-148x111.jpg 148w, https:\/\/www.mellofarm.gr\/wp-content\/uploads\/2012\/11\/elies-xoufta-31x23.jpg 31w, https:\/\/www.mellofarm.gr\/wp-content\/uploads\/2012\/11\/elies-xoufta-38x28.jpg 38w, https:\/\/www.mellofarm.gr\/wp-content\/uploads\/2012\/11\/elies-xoufta-286x215.jpg 286w, https:\/\/www.mellofarm.gr\/wp-content\/uploads\/2012\/11\/elies-xoufta.jpg 500w\" sizes=\"auto, (max-width: 300px) 100vw, 300px\" \/>  \t\t\t\t\t\t\t<div class=\"overlay\" style=\"background-color: rgba(0,0,0,.25)\"><\/div>  \t\t\t\t\t\t\t  \t\t\t\t\t\t<\/div>\n  \t\t\t\t\t\t  \t\t\t\t\t<\/div>\n          \t\t\t\t\t<div class=\"box-text text-left\" style=\"padding:0px 10px 5px 15px;\">\n\t\t\t\t\t<div class=\"box-text-inner blog-post-inner\">\n\n\t\t\t\t\t\n\t\t\t\t\t\t\t\t\t\t<h5 class=\"post-title is-large \">Comment preparer et conserver des olives pour la table?<\/h5>\n\t\t\t\t\t<div class=\"post-meta is-small op-8\">6 novembre 2012<\/div>\t\t\t\t\t<div class=\"is-divider\"><\/div>\n\t\t\t\t\t                    \n\t\t\t\t\t\n\t\t\t\t\t\n\t\t\t\t\t<\/div>\n\t\t\t\t\t<\/div>\n\t\t\t\t\t\t\t\t\t<\/div>\n\t\t\t\t<\/a>\n\t\t\t<\/div>\n\t\t<\/div>\n<\/div>\n\t<div id=\"gap-629602825\" class=\"gap-element clearfix\" style=\"display:block; height:auto;\">\n\t\t\n<style>\n#gap-629602825 {\n  padding-top: 70px;\n}\n<\/style>\n\t<\/div>\n\t\n","protected":false},"excerpt":{"rendered":"","protected":false},"author":1,"featured_media":0,"parent":0,"menu_order":0,"comment_status":"closed","ping_status":"closed","template":"page-transparent-header.php","meta":{"footnotes":""},"class_list":["post-1621","page","type-page","status-publish","hentry"],"aioseo_notices":[],"_links":{"self":[{"href":"https:\/\/www.mellofarm.gr\/fr\/wp-json\/wp\/v2\/pages\/1621","targetHints":{"allow":["GET"]}}],"collection":[{"href":"https:\/\/www.mellofarm.gr\/fr\/wp-json\/wp\/v2\/pages"}],"about":[{"href":"https:\/\/www.mellofarm.gr\/fr\/wp-json\/wp\/v2\/types\/page"}],"author":[{"embeddable":true,"href":"https:\/\/www.mellofarm.gr\/fr\/wp-json\/wp\/v2\/users\/1"}],"replies":[{"embeddable":true,"href":"https:\/\/www.mellofarm.gr\/fr\/wp-json\/wp\/v2\/comments?post=1621"}],"version-history":[{"count":4,"href":"https:\/\/www.mellofarm.gr\/fr\/wp-json\/wp\/v2\/pages\/1621\/revisions"}],"predecessor-version":[{"id":3645,"href":"https:\/\/www.mellofarm.gr\/fr\/wp-json\/wp\/v2\/pages\/1621\/revisions\/3645"}],"wp:attachment":[{"href":"https:\/\/www.mellofarm.gr\/fr\/wp-json\/wp\/v2\/media?parent=1621"}],"curies":[{"name":"wp","href":"https:\/\/api.w.org\/{rel}","templated":true}]}}