{"id":1510,"date":"2012-12-04T19:43:34","date_gmt":"2012-12-04T17:43:34","guid":{"rendered":"http:\/\/www.mellofarm.gr\/loliveraie"},"modified":"2015-10-06T19:19:33","modified_gmt":"2015-10-06T16:19:33","slug":"loliveraie","status":"publish","type":"page","link":"https:\/\/www.mellofarm.gr\/fr\/loliveraie","title":{"rendered":"L&rsquo;oliveraie"},"content":{"rendered":"<p>Dans la r\u00e9gion de Thermissia, en Argolide, se trouvent nos oliviers de plaine, de zone semi-montagneuse et montagneuse appartenant aux vari\u00e9t\u00e9s \u00abManaki\u00bb et \u00abKoron\u00e9\u00efki\u00bb, \u00e0 partir desquels nous produisons l\u2019excellente huile d\u2019olive vierge \u00abMELL-ELAION\u00bb.<\/p>\n<figure id=\"attachment_828\" aria-describedby=\"caption-attachment-828\" style=\"width: 650px\" class=\"wp-caption aligncenter\"><a href=\"http:\/\/www.mellofarm.gr\/?attachment_id=828\" rel=\"attachment wp-att-828\"><img loading=\"lazy\" decoding=\"async\" class=\"size-full wp-image-828\" src=\"http:\/\/www.mellofarm.gr\/wp-content\/uploads\/places.jpg\" alt=\"PIGADIA ERMIONIS ARGOLIDOS\" width=\"650\" height=\"304\" srcset=\"https:\/\/www.mellofarm.gr\/wp-content\/uploads\/places.jpg 650w, https:\/\/www.mellofarm.gr\/wp-content\/uploads\/places-300x140.jpg 300w, https:\/\/www.mellofarm.gr\/wp-content\/uploads\/places-600x280.jpg 600w, https:\/\/www.mellofarm.gr\/wp-content\/uploads\/places-148x69.jpg 148w, https:\/\/www.mellofarm.gr\/wp-content\/uploads\/places-31x14.jpg 31w, https:\/\/www.mellofarm.gr\/wp-content\/uploads\/places-38x17.jpg 38w, https:\/\/www.mellofarm.gr\/wp-content\/uploads\/places-425x198.jpg 425w\" sizes=\"auto, (max-width: 650px) 100vw, 650px\" \/><\/a><figcaption id=\"caption-attachment-828\" class=\"wp-caption-text\">\u03a0\u03b7\u03b3\u03ac\u03b4\u03b9\u03b1 \u0395\u03c1\u03bc\u03b9\u03cc\u03bd\u03b7\u03c2 \u0391<\/figcaption><\/figure>\n<p style=\"text-align: right;\">.<\/p>\n<p><strong>Hermionide<\/strong><\/p>\n<p>Situ\u00e9 sur le littoral, l\u2019Hermionide est un site d\u2019une grande beaut\u00e9 naturelle, avec de belles plages et un important d\u00e9veloppement touristique. Cette r\u00e9gion regorge d\u2019oliveraies, de champs d\u2019agrumes et de savoureuses cultures mara\u00eech\u00e8res; on y trouve aussi des grenades r\u00e9put\u00e9es et des barques de p\u00eacheurs pleines de poissons frais. Son climat se distingue par un hiver doux, de faibles pr\u00e9cipitations et de grandes p\u00e9riodes d\u2019ensoleillement. Ce microclimat est id\u00e9al pour la culture de l\u2019olivier et une production d\u2019huile d\u2019olive vierge d\u2019excellente qualit\u00e9. C\u2019est d\u2019ailleurs pourquoi l\u2019excellente huile d\u2019olive vierge que nous produisons en Hermionide a re\u00e7u le label de l\u2019Union Europ\u00e9enne Appellation d\u2019origine prot\u00e9g\u00e9e (AOP) sous la d\u00e9nomination \u00abKRANIDI EN ARGOLIDE\u00bb.<\/p>\n<p><strong>Dans<\/strong> <strong>cette<\/strong> <strong>r<\/strong><strong>\u00e9<\/strong><strong>gion<\/strong><strong>, <\/strong><strong>et<\/strong> <strong>plus<\/strong> <strong>pr<\/strong><strong>\u00e9<\/strong><strong>cis<\/strong><strong>\u00e9<\/strong><strong>ment<\/strong><strong> \u00e0 <\/strong><strong>Thermissia<\/strong><strong>, <\/strong><strong>se trouvent nos oliviers de plaine, de zone semi-montagneuse et montagneuse appartenant aux vari\u00e9t\u00e9s<\/strong><strong> \u00ab<\/strong><strong>Manaki<\/strong><strong>\u00bb <\/strong><strong>et<\/strong><strong> \u00abKoron\u00e9\u00efki\u00bb, <\/strong><strong>\u00e0 partir desquels nous produisons l\u2019excellente huile d\u2019olive vierge<\/strong><strong> \u00abMELL-ELAION\u00bb.<\/strong><\/p>\n<p style=\"text-align: right;\">.<\/p>\n<p><strong>L\u2019Hermionide sur la carte<\/strong><\/p>\n<p>L\u2019Hermionide est situ\u00e9e dans le nord-est du P\u00e9loponn\u00e8se, en face des \u00eeles d\u2019Hydra et de Spets\u00e8s et rel\u00e8ve, sur le plan administratif, du d\u00e9partement d\u2019Argolide. Autrefois \u00e9parchie du m\u00eame nom, elle constitue \u00e0 pr\u00e9sent la municipalit\u00e9 d\u2019Hermionide cr\u00e9\u00e9e dans le cadre du programme Kapodistrias. Ses principales bourgades sont Kranidi et Hermione. Thermissia est un de ses villages, o\u00f9 se trouve la forteresse v\u00e9nitienne du m\u00eame nom.<\/p>\n<div align=\"center\">\n<p><iframe loading=\"lazy\" src=\"https:\/\/www.google.gr\/maps?f=d&amp;source=s_d&amp;saddr=&amp;daddr=37.414593,23.380428&amp;hl=el&amp;geocode=&amp;sll=37.414525,23.38249&amp;sspn=0.004712,0.010568&amp;t=h&amp;mra=mift&amp;mrsp=1&amp;sz=17&amp;ie=UTF8&amp;ll=37.379979,23.372726&amp;spn=0.245532,0.445633&amp;z=11&amp;output=embed\" width=\"630\" height=\"450\" frameborder=\"0\" marginwidth=\"0\" marginheight=\"0\" scrolling=\"no\"><\/iframe><\/p>\n<p><small><a style=\"color: #0000ff; text-align: left;\" href=\"https:\/\/www.google.gr\/maps?f=d&amp;source=embed&amp;saddr=&amp;daddr=37.414593,23.380428&amp;hl=el&amp;geocode=&amp;sll=37.414525,23.38249&amp;sspn=0.004712,0.010568&amp;t=h&amp;mra=mift&amp;mrsp=1&amp;sz=17&amp;ie=UTF8&amp;ll=37.379979,23.372726&amp;spn=0.245532,0.445633&amp;z=11\">\u03a0\u03c1\u03bf\u03b2\u03bf\u03bb\u03ae \u03bc\u03b5\u03b3\u03b1\u03bb\u03cd\u03c4\u03b5\u03c1\u03bf\u03c5 \u03c7\u03ac\u03c1\u03c4\u03b7<\/a><\/small><\/p>\n<\/div>\n<p style=\"text-align: right;\">.<\/p>\n<p><strong>Histoire du site d\u2019Hermionide<\/strong><\/p>\n<p>Selon les d\u00e9couvertes arch\u00e9ologiques, le site a \u00e9t\u00e9 continuellement habit\u00e9 depuis les temps pr\u00e9historiques \u2013 25.000 av. J.-C. \u2013 et sa pr\u00e9sence est permanente au cours de l\u2019\u00e9volution historique de la Gr\u00e8ce.Ontrouve ici la grotte pr\u00e9historique de Frachthi, parmi les plus importantes d\u2019Europe. \u00c0 l\u2019\u00e9poque myc\u00e9nienne, ce site appartenait au royaume de Myc\u00e8nes, o\u00f9 le village de Polichni dans la r\u00e9gion de Massitos \u00e9tait tr\u00e8s prosp\u00e8re. La cit\u00e9 d\u2019Hermione, quant \u00e0 elle, qui avait particip\u00e9 \u00e0 la guerre avec ses 300 hoplites, figure sur le tr\u00e9pied d\u2019or que les Grecs avaient d\u00e9di\u00e9 \u00e0 l\u2019Oracle de Delphes pour leur victoire contre les Perses. Enfin, en 1827, commencent \u00e0 Hermione les travaux de la 3<sup>\u00e8me<\/sup> Assembl\u00e9e nationale dela Gr\u00e8ce insurg\u00e9e.<\/p>\n<figure id=\"attachment_959\" aria-describedby=\"caption-attachment-959\" style=\"width: 600px\" class=\"wp-caption aligncenter\"><a href=\"http:\/\/www.mellofarm.gr\/ladi-elias\/elaionas-mellofarm\/attachment\/ermioni-600\" rel=\"attachment wp-att-959\"><img loading=\"lazy\" decoding=\"async\" class=\"size-full wp-image-959\" title=\"\u0395\u03c1\u03bc\u03b9\u03cc\u03bd\u03b7 \u0391\u03c1\u03b3\u03bf\u03bb\u03af\u03b4\u03bf\u03c2\" src=\"http:\/\/www.mellofarm.gr\/wp-content\/uploads\/2012\/11\/Ermioni-600.jpg\" alt=\"\u0395\u03c1\u03bc\u03b9\u03cc\u03bd\u03b7 \u0391\u03c1\u03b3\u03bf\u03bb\u03af\u03b4\u03bf\u03c2\" width=\"600\" height=\"450\" srcset=\"https:\/\/www.mellofarm.gr\/wp-content\/uploads\/2012\/11\/Ermioni-600.jpg 600w, https:\/\/www.mellofarm.gr\/wp-content\/uploads\/2012\/11\/Ermioni-600-300x225.jpg 300w, https:\/\/www.mellofarm.gr\/wp-content\/uploads\/2012\/11\/Ermioni-600-148x111.jpg 148w, https:\/\/www.mellofarm.gr\/wp-content\/uploads\/2012\/11\/Ermioni-600-31x23.jpg 31w, https:\/\/www.mellofarm.gr\/wp-content\/uploads\/2012\/11\/Ermioni-600-38x28.jpg 38w, https:\/\/www.mellofarm.gr\/wp-content\/uploads\/2012\/11\/Ermioni-600-286x215.jpg 286w\" sizes=\"auto, (max-width: 600px) 100vw, 600px\" \/><\/a><figcaption id=\"caption-attachment-959\" class=\"wp-caption-text\">\u0395\u03c1\u03bc\u03b9\u03cc\u03bd\u03b7 \u0391\u03c1\u03b3\u03bf\u03bb\u03af\u03b4\u03bf\u03c2<\/figcaption><\/figure>\n<p>Hermione et, partant, toute l\u2019\u00e9parchie d\u2019Hermionide devrait son nom, selon une version, \u00e0 Hermione, fille de M\u00e9n\u00e9las et de la BelleH\u00e9l\u00e8ne.Selon une autre version, celle de Pausanias et qui est la plus courante, <em>Hermion<\/em>, fils d\u2019Europos, petit-fils de Phoron\u00e9os et neveu de Niob\u00e9, de P\u00e9lasgos et d\u2019Ag\u00e9nor, a \u00e9t\u00e9 le fondateur de la cit\u00e9 d\u2019Hermione.<\/p>\n","protected":false},"excerpt":{"rendered":"<p>Dans la r\u00e9gion de Thermissia, en Argolide, se trouvent nos oliviers de plaine, de zone semi-montagneuse et montagneuse appartenant aux vari\u00e9t\u00e9s \u00abManaki\u00bb et \u00abKoron\u00e9\u00efki\u00bb, \u00e0 partir desquels nous produisons l\u2019excellente huile d\u2019olive vierge \u00abMELL-ELAION\u00bb. . Hermionide Situ\u00e9 sur le littoral, l\u2019Hermionide est un site d\u2019une grande beaut\u00e9 naturelle, avec de belles plages et un important [&#8230;]\n","protected":false},"author":1,"featured_media":2620,"parent":0,"menu_order":0,"comment_status":"closed","ping_status":"closed","template":"","meta":{"footnotes":""},"class_list":["post-1510","page","type-page","status-publish","has-post-thumbnail","hentry"],"aioseo_notices":[],"_links":{"self":[{"href":"https:\/\/www.mellofarm.gr\/fr\/wp-json\/wp\/v2\/pages\/1510","targetHints":{"allow":["GET"]}}],"collection":[{"href":"https:\/\/www.mellofarm.gr\/fr\/wp-json\/wp\/v2\/pages"}],"about":[{"href":"https:\/\/www.mellofarm.gr\/fr\/wp-json\/wp\/v2\/types\/page"}],"author":[{"embeddable":true,"href":"https:\/\/www.mellofarm.gr\/fr\/wp-json\/wp\/v2\/users\/1"}],"replies":[{"embeddable":true,"href":"https:\/\/www.mellofarm.gr\/fr\/wp-json\/wp\/v2\/comments?post=1510"}],"version-history":[{"count":0,"href":"https:\/\/www.mellofarm.gr\/fr\/wp-json\/wp\/v2\/pages\/1510\/revisions"}],"wp:featuredmedia":[{"embeddable":true,"href":"https:\/\/www.mellofarm.gr\/fr\/wp-json\/wp\/v2\/media\/2620"}],"wp:attachment":[{"href":"https:\/\/www.mellofarm.gr\/fr\/wp-json\/wp\/v2\/media?parent=1510"}],"curies":[{"name":"wp","href":"https:\/\/api.w.org\/{rel}","templated":true}]}}