{"id":1505,"date":"2012-12-04T16:58:32","date_gmt":"2012-12-04T14:58:32","guid":{"rendered":"http:\/\/www.mellofarm.gr\/de-la-production-a-la-consommation"},"modified":"2020-05-16T19:26:22","modified_gmt":"2020-05-16T16:26:22","slug":"de-la-production-a-la-consommation","status":"publish","type":"page","link":"https:\/\/www.mellofarm.gr\/fr\/de-la-production-a-la-consommation","title":{"rendered":"De la production \u00e0 la consommation"},"content":{"rendered":"<h3>Culture certifi\u00e9e<\/h3>\n<p>Notre ol\u00e9iculture est certifi\u00e9e et nous appliquons le syst\u00e8me de Gestion int\u00e9gr\u00e9e conforme \u00e0 la norme europ\u00e9enne d\u2019<a href=\"http:\/\/www.mellofarm.gr\/wp-content\/uploads\/2012\/11\/E216-4_Pistopoihtiko_Simorfosis_Mellos.pdf\" target=\"_blank\" rel=\"noopener noreferrer\">AGRO 2.1-2.2<\/a> (<a href=\"http:\/\/www.agrocert.gr\/pages\/content.asp?cntID=31&amp;catID=16\" target=\"_blank\" rel=\"noopener noreferrer\">cf. plus de renseignements sur Agrocert<\/a>). Cela signifie que nos olives sont d\u00e9pourvues de r\u00e9sidus de pesticides et de fertilisants. Nous suivons des pratiques respectueuses de l\u2019environnement afin d\u2019assurer que la fertilisation de nos oliviers se fait selon des proc\u00e9d\u00e9s naturels, c\u2019est-\u00e0-dire \u00e0 l\u2019aide d\u2019une fertilisation verte ou du fumier et, bien s\u00fbr, nous n\u2019utilisons jamais d\u2019engrais azot\u00e9s. La fertilisation verte est obtenue en semant chaque ann\u00e9e des papilionac\u00e9es (par ex., f\u00e8ves, vesces) ou des c\u00e9r\u00e9ales (par ex., avoine ou orge) que nous broyons durant leur floraison et enfouissons dans le sol afin qu\u2019elles pourrissent et deviennent de l\u2019engrais naturel riche en azote. C\u2019est pour la m\u00eame raison que nous ne br\u00fblons pas les branches que nous taillons, mais qu\u2019\u00e0 l\u2019aide d\u2019un appareil sp\u00e9cial nous les r\u00e9duisons en pur\u00e9e et nous les enfouissons pour qu\u2019elles deviennent elles aussi de l\u2019engrais naturel dans l\u2019oliveraie.<\/p>\n<h3>Temps et mode de la cueillette<\/h3>\n<p>La cueillette commence vers la fin du mois d\u2019octobre et dure jusqu\u2019\u00e0 la fin du mois de janvier. La dur\u00e9e de la cueillette est longue parce que nous avons la patience de cueillir seulement \u00e0 partir des arbres les olives qui sont arriv\u00e9es au temps de maturation convenable, afin d\u2019obtenir le maximum de parfums et de propri\u00e9t\u00e9s pr\u00e9cieuses pour notre huile. De m\u00eame, pour pr\u00e9server la sant\u00e9 de l\u2019olivier, nous ne cueillons pas les olives les jours de forte humidit\u00e9 sur l\u2019oliveraie, ni lorsque l\u2019arbre est mouill\u00e9 par la pluie, car il est alors \u00abbless\u00e9\u00bb et l\u2019humidit\u00e9 p\u00e9n\u00e8tre \u00e0 l\u2019int\u00e9rieur entra\u00eenant l\u2019apparition de \u00abchancres\u00bb.<\/p>\n<p>Les olives qui ont \u00e9t\u00e9 cueillies sont plac\u00e9es dans des cageots plastiques bien a\u00e9r\u00e9s, qui sont mis \u00e0 l\u2019abri de la pluie, de l\u2019eau et de toute sorte d\u2019humidit\u00e9. En fin de journ\u00e9e, nous les portons au pressoir et nous produisons le jour m\u00eame et uniquement \u00e0 partir de nos olives notre huile que nous entreposons imm\u00e9diatement dans nos locaux. Nous suivons ce proc\u00e9d\u00e9, parce que si les olive sont mouill\u00e9es ou restent entrepos\u00e9es pendant quelques jours, elles commencent \u00e0 pourrir et, dans ce cas, l\u2019huile produite aura, d\u2019une part, trop d\u2019acides et n\u2019aura pas, d\u2019autre part, les caract\u00e9ristiques de qualit\u00e9 requises par l\u2019huile d\u2019olive vierge extra.<\/p>\n<figure id=\"attachment_939\" aria-describedby=\"caption-attachment-939\" style=\"width: 100px\" class=\"wp-caption alignleft\"><a href=\"http:\/\/www.mellofarm.gr\/wp-content\/uploads\/2012\/11\/E216-4_Pistopoihtiko_Simorfosis_Mellos.pdf\" target=\"_blank\" rel=\"noopener noreferrer\"><img loading=\"lazy\" decoding=\"async\" class=\"size-full wp-image-939 \" title=\"\u039a\u03b1\u03c4\u03b5\u03b2\u03ac\u03c3\u03c4\u03b5 \u03c4\u03bf \u03a0\u03b9\u03c3\u03c4\u03bf\u03c0\u03bf\u03b9\u03b7\u03c4\u03b9\u03ba\u03cc AGRO 2.1-2.2\" src=\"http:\/\/www.mellofarm.gr\/wp-content\/uploads\/2012\/11\/pdf-icon.png\" alt=\"\u039a\u03b1\u03c4\u03b5\u03b2\u03ac\u03c3\u03c4\u03b5 \u03c4\u03bf \u03a0\u03b9\u03c3\u03c4\u03bf\u03c0\u03bf\u03b9\u03b7\u03c4\u03b9\u03ba\u03cc AGRO 2.1-2.2\" width=\"100\" height=\"100\" srcset=\"https:\/\/www.mellofarm.gr\/wp-content\/uploads\/2012\/11\/pdf-icon.png 100w, https:\/\/www.mellofarm.gr\/wp-content\/uploads\/2012\/11\/pdf-icon-31x31.png 31w, https:\/\/www.mellofarm.gr\/wp-content\/uploads\/2012\/11\/pdf-icon-38x38.png 38w\" sizes=\"auto, (max-width: 100px) 100vw, 100px\" \/><\/a><figcaption id=\"caption-attachment-939\" class=\"wp-caption-text\">Certificat AGRO 2.1-2.2<\/figcaption><\/figure>\n<p><a href=\"http:\/\/www.mellofarm.gr\/wp-content\/uploads\/2012\/11\/E216-4_Pistopoihtiko_Simorfosis_Mellos.pdf\" target=\"_blank\" rel=\"noopener noreferrer\">T\u00e9l\u00e9chargez le Certificat en cliquant ici<\/a><\/p>\n","protected":false},"excerpt":{"rendered":"<p>Culture certifi\u00e9e Notre ol\u00e9iculture est certifi\u00e9e et nous appliquons le syst\u00e8me de Gestion int\u00e9gr\u00e9e conforme \u00e0 la norme europ\u00e9enne d\u2019AGRO 2.1-2.2 (cf. plus de renseignements sur Agrocert). Cela signifie que nos olives sont d\u00e9pourvues de r\u00e9sidus de pesticides et de fertilisants. Nous suivons des pratiques respectueuses de l\u2019environnement afin d\u2019assurer que la fertilisation de nos [&#8230;]\n","protected":false},"author":1,"featured_media":801,"parent":0,"menu_order":0,"comment_status":"closed","ping_status":"closed","template":"","meta":{"footnotes":""},"class_list":["post-1505","page","type-page","status-publish","has-post-thumbnail","hentry"],"aioseo_notices":[],"_links":{"self":[{"href":"https:\/\/www.mellofarm.gr\/fr\/wp-json\/wp\/v2\/pages\/1505","targetHints":{"allow":["GET"]}}],"collection":[{"href":"https:\/\/www.mellofarm.gr\/fr\/wp-json\/wp\/v2\/pages"}],"about":[{"href":"https:\/\/www.mellofarm.gr\/fr\/wp-json\/wp\/v2\/types\/page"}],"author":[{"embeddable":true,"href":"https:\/\/www.mellofarm.gr\/fr\/wp-json\/wp\/v2\/users\/1"}],"replies":[{"embeddable":true,"href":"https:\/\/www.mellofarm.gr\/fr\/wp-json\/wp\/v2\/comments?post=1505"}],"version-history":[{"count":1,"href":"https:\/\/www.mellofarm.gr\/fr\/wp-json\/wp\/v2\/pages\/1505\/revisions"}],"predecessor-version":[{"id":3633,"href":"https:\/\/www.mellofarm.gr\/fr\/wp-json\/wp\/v2\/pages\/1505\/revisions\/3633"}],"wp:featuredmedia":[{"embeddable":true,"href":"https:\/\/www.mellofarm.gr\/fr\/wp-json\/wp\/v2\/media\/801"}],"wp:attachment":[{"href":"https:\/\/www.mellofarm.gr\/fr\/wp-json\/wp\/v2\/media?parent=1505"}],"curies":[{"name":"wp","href":"https:\/\/api.w.org\/{rel}","templated":true}]}}