{"id":1623,"date":"2015-06-22T14:42:46","date_gmt":"2015-06-22T12:42:46","guid":{"rendered":"http:\/\/www.mellofarm.gr\/?page_id=1623"},"modified":"2020-05-17T00:59:27","modified_gmt":"2020-05-16T21:59:27","slug":"home-page-4","status":"publish","type":"page","link":"https:\/\/www.mellofarm.gr\/de","title":{"rendered":"Home Page"},"content":{"rendered":"\n  <div class=\"banner has-hover is-full-height\" id=\"banner-1768239204\">\n          <div class=\"banner-inner fill\">\n        <div class=\"banner-bg fill\" >\n            <div class=\"bg fill bg-fill \"><\/div>\n                        <div class=\"overlay\"><\/div>            \n                    <\/div>\n        <div class=\"banner-layers container\">\n            <div class=\"fill banner-link\"><\/div>            \n\t<div class=\"img has-hover x15 md-x25 lg-x25 y85 md-y95 lg-y95\" id=\"image_1868682341\">\n\t\t\t\t\t\t<div data-animate=\"fadeInUp\">\t\t<div class=\"img-inner box-shadow-1-hover dark\" >\n\t\t\t<img loading=\"lazy\" decoding=\"async\" width=\"154\" height=\"600\" src=\"https:\/\/www.mellofarm.gr\/wp-content\/uploads\/2020\/05\/mellelaion-xakrismeno-01.png\" class=\"attachment-large size-large\" alt=\"mellelaion\" srcset=\"https:\/\/www.mellofarm.gr\/wp-content\/uploads\/2020\/05\/mellelaion-xakrismeno-01.png 154w, https:\/\/www.mellofarm.gr\/wp-content\/uploads\/2020\/05\/mellelaion-xakrismeno-01-77x300.png 77w\" sizes=\"auto, (max-width: 154px) 100vw, 154px\" \/>\t\t\t\t\t\t\n\t\t\t\t\t<\/div>\n\t\t<\/div>\t\t\t\t\t\t\n<style>\n#image_1868682341 {\n  width: 18%;\n}\n@media (min-width:550px) {\n  #image_1868682341 {\n    width: 9%;\n  }\n}\n<\/style>\n\t<\/div>\n\t\n   <div id=\"text-box-676045316\" class=\"text-box banner-layer x95 md-x85 lg-x85 y70 md-y75 lg-y75 res-text\">\n                     <div data-animate=\"fadeInUp\">           <div class=\"text dark text-shadow-2\">\n              \n              <div class=\"text-inner text-center\">\n                  \n<h2>Entdecken Sie den Geschmack von Mellelaion Oliven\u00f6l<\/h2>\n<h4>Griechisches Oliven\u00f6l extra vergine<\/h4>\n              <\/div>\n           <\/div>\n       <\/div>                     \n<style>\n#text-box-676045316 {\n  margin: 0 0px 0px 0px;\n  width: 59%;\n}\n#text-box-676045316 .text-inner {\n  padding: 0px 0px 0px 0px;\n}\n#text-box-676045316 .text {\n  font-size: 100%;\n}\n@media (min-width:550px) {\n  #text-box-676045316 {\n    width: 47%;\n  }\n}\n<\/style>\n    <\/div>\n \n        <\/div>\n      <\/div>\n\n            \n<style>\n#banner-1768239204 {\n  padding-top: 100%;\n}\n#banner-1768239204 .bg.bg-loaded {\n  background-image: url(https:\/\/www.mellofarm.gr\/wp-content\/uploads\/2020\/05\/mellofarm-elaionas-01.jpg);\n}\n#banner-1768239204 .overlay {\n  background-color: rgba(113, 150, 75, 0.27);\n}\n<\/style>\n  <\/div>\n\n\n\t<section class=\"section\" id=\"section_2015184627\">\n\t\t<div class=\"bg section-bg fill bg-fill  bg-loaded\" >\n\n\t\t\t\n\t\t\t\n\t\t\t\n\t<div class=\"is-border\"\n\t\tstyle=\"border-color:rgb(235, 235, 235);border-width:1px 0px 0px 0px;\">\n\t<\/div>\n\n\t\t<\/div>\n\n\t\t<div class=\"section-content relative\">\n\t\t\t\n<div class=\"row\"  id=\"row-1220624534\">\n\n\t<div id=\"col-193295137\" class=\"col medium-6 small-12 large-6\"  >\n\t\t<div class=\"col-inner\"  >\n\t\t\t\n\t\t\t\n\n\t\t<div class=\"icon-box featured-box icon-box-top text-left\"  style=\"margin:px px px px;\">\n\t\t\t\t<div class=\"icon-box-text last-reset\">\n\t\t\t\t\t\t\t\t\t\n<h4>MELLELAION \u2013 GREEK EXTRA VIRGIN OLIVE OIL<\/h4>\n<p>In this region and in our privately-owned estate of 150 stremmas, we have been cultivating the well-known varieties \u201cMANAKI\u201d and \u201cKORONEIKI\u201d for four generations. We produce and package \u201cMELL-ELAION\u201d, the extra virgin KRANIDI OLIVE OIL, in traditional natural ways, without filtering or refining, fo. <a href=\"_wp_link_placeholder\" data-wp-temp-link=\"1\">>>><\/a><\/p>\n\t\t<\/div>\n\t<\/div>\n\t\n\t\n\t\t<\/div>\n\t\t\t<\/div>\n\n\t\n\n\t<div id=\"col-489656583\" class=\"col medium-6 small-12 large-6\"  >\n\t\t<div class=\"col-inner\"  >\n\t\t\t\n\t\t\t\n<h4>MELLOFARM &#8211; \u039f \u0395\u039b\u0391\u0399\u03a9\u039d\u0391\u03a3 \u039c\u0391\u03a3<\/h4>\n<p>Ermionida befindet sich im nord\u00f6stlichen Peloponnes gegen\u00fcber von den Inseln Hydra und Spetses und geh\u00f6rt dem Verwaltungsgebiet der Argolis. Fr\u00fcher war sie sogar eine eigenst\u00e4ndige Provinz deren wichtigsten Orte Kranidi und Ermioni waren. Thermisia ist eines ihrer  gr\u00f6\u00dferen D\u00f6rfer, das sogar eine venezianische Burg besitzt. <a href=\"https:\/\/www.mellofarm.gr\/de\/unsere-olbaume\">>>><\/a><\/p>\n\t\t<\/div>\n\t\t\t<\/div>\n\n\t\n\n<style>\n#row-1220624534 > .col > .col-inner {\n  padding: 25px 0px 0px 0px;\n}\n<\/style>\n<\/div>\n\t\t<\/div>\n\n\t\t\n<style>\n#section_2015184627 {\n  padding-top: 27px;\n  padding-bottom: 27px;\n  background-color: rgb(245, 245, 245);\n}\n<\/style>\n\t<\/section>\n\t\n\n  \n    <div class=\"row large-columns-4 medium-columns-3 small-columns-1 row-small slider row-slider slider-nav-simple slider-nav-outside\"  data-flickity-options='{\"imagesLoaded\": true, \"groupCells\": \"100%\", \"dragThreshold\" : 5, \"cellAlign\": \"left\",\"wrapAround\": true,\"prevNextButtons\": true,\"percentPosition\": true,\"pageDots\": false, \"rightToLeft\": false, \"autoPlay\" : false}'>\n\n  \t<\/div>\n\t<div id=\"gap-1754053773\" class=\"gap-element clearfix\" style=\"display:block; height:auto;\">\n\t\t\n<style>\n#gap-1754053773 {\n  padding-top: 10px;\n}\n<\/style>\n\t<\/div>\n\t\n<div class=\"container section-title-container\" style=\"margin-top:25px;\"><h3 class=\"section-title section-title-center\"><b><\/b><span class=\"section-title-main\" >Read articles from our blog<\/span><b><\/b><\/h3><\/div>\n  <style>\n    #row-1103798919 .grid-col-1{height: 600px}\n    #row-1103798919 .grid-col-1-2{height: 300px}\n    #row-1103798919 .grid-col-1-3{height:200px}\n    #row-1103798919 .grid-col-2-3{height: 400px}\n    #row-1103798919 .grid-col-1-4{height: 150px}\n    #row-1103798919 .grid-col-3-4{height: 450px}\n\n\n        \/* Tablet *\/\n    @media (max-width: 850px){\n      #row-1103798919 .grid-col-1{height: 400px}\n      #row-1103798919 .grid-col-1-2{height: 200px}\n      #row-1103798919 .grid-col-1-3{height:133.33333333333px}\n      #row-1103798919 .grid-col-2-3{height: 266.66666666667px}\n      #row-1103798919 .grid-col-1-4{height: 100px}\n      #row-1103798919 .grid-col-3-4{height: 300px}\n    }\n    \n        \/* Mobile *\/\n    @media (max-width: 550px){\n      #row-1103798919 .grid-col-1{height: 400px}\n      #row-1103798919 .grid-col-1-2{height: 200px}\n      #row-1103798919 .grid-col-1-3{height:133.33333333333px}\n      #row-1103798919 .grid-col-2-3{height: 266.66666666667px}\n      #row-1103798919 .grid-col-1-4{height: 100px}\n      #row-1103798919 .grid-col-3-4{height: 300px}\n    }\n    \n\n  <\/style>\n  \n  \n    <div id=\"row-1103798919\" class=\"row row-small has-shadow row-box-shadow-2 row-grid\" data-packery-options='{\"itemSelector\": \".col\", \"gutter\": 0, \"presentageWidth\" : true}'>\n\n  \t\t<div class=\"col post-item grid-col grid-col-2-3 large-6 medium-12\" >\n\t\t\t<div class=\"col-inner\">\n\t\t\t<a href=\"https:\/\/www.mellofarm.gr\/de\/elaiolado-olive-oil-tips-de\/olkringel-aus-kranidi\" class=\"plain\">\n\t\t\t\t<div class=\"box box-overlay dark box-text-bottom box-blog-post has-hover\">\n            \t\t\t\t\t<div class=\"box-image\" >\n  \t\t\t\t\t\t<div class=\"image-cover\" style=\"padding-top:56%;\">\n  \t\t\t\t\t\t\t<img loading=\"lazy\" decoding=\"async\" width=\"562\" height=\"446\" src=\"https:\/\/www.mellofarm.gr\/wp-content\/uploads\/2012\/12\/KOULOURAKIA-KRANIDIOU1.jpg\" class=\"attachment-large size-large wp-post-image\" alt=\"KOULOYRAKIA KRANIDIOU ME EXTRA VIRGIN OLIVEOIL MELLELAION\" srcset=\"https:\/\/www.mellofarm.gr\/wp-content\/uploads\/2012\/12\/KOULOURAKIA-KRANIDIOU1.jpg 562w, https:\/\/www.mellofarm.gr\/wp-content\/uploads\/2012\/12\/KOULOURAKIA-KRANIDIOU1-300x238.jpg 300w, https:\/\/www.mellofarm.gr\/wp-content\/uploads\/2012\/12\/KOULOURAKIA-KRANIDIOU1-148x117.jpg 148w, https:\/\/www.mellofarm.gr\/wp-content\/uploads\/2012\/12\/KOULOURAKIA-KRANIDIOU1-31x24.jpg 31w, https:\/\/www.mellofarm.gr\/wp-content\/uploads\/2012\/12\/KOULOURAKIA-KRANIDIOU1-38x30.jpg 38w, https:\/\/www.mellofarm.gr\/wp-content\/uploads\/2012\/12\/KOULOURAKIA-KRANIDIOU1-270x215.jpg 270w\" sizes=\"auto, (max-width: 562px) 100vw, 562px\" \/>  \t\t\t\t\t\t\t<div class=\"overlay\" style=\"background-color: rgba(0,0,0,.25)\"><\/div>  \t\t\t\t\t\t\t  \t\t\t\t\t\t<\/div>\n  \t\t\t\t\t\t  \t\t\t\t\t<\/div>\n          \t\t\t\t\t<div class=\"box-text text-left\" >\n\t\t\t\t\t<div class=\"box-text-inner blog-post-inner\">\n\n\t\t\t\t\t\n\t\t\t\t\t\t\t\t\t\t<h5 class=\"post-title is-large \">\u00d6lkringel aus Kranidi<\/h5>\n\t\t\t\t\t<div class=\"post-meta is-small op-8\">22 Dezember 2012<\/div>\t\t\t\t\t<div class=\"is-divider\"><\/div>\n\t\t\t\t\t                    \n\t\t\t\t\t\n\t\t\t\t\t\n\t\t\t\t\t<\/div>\n\t\t\t\t\t<\/div>\n\t\t\t\t\t\t\t\t\t<\/div>\n\t\t\t\t<\/a>\n\t\t\t<\/div>\n\t\t<\/div>\n\t\t<div class=\"col post-item grid-col grid-col-1-2 large-3 medium-6\" >\n\t\t\t<div class=\"col-inner\">\n\t\t\t<a href=\"https:\/\/www.mellofarm.gr\/de\/grossmutters-tiganopsomo\" class=\"plain\">\n\t\t\t\t<div class=\"box box-overlay dark box-text-bottom box-blog-post has-hover\">\n            \t\t\t\t\t<div class=\"box-image\" >\n  \t\t\t\t\t\t<div class=\"image-cover\" style=\"padding-top:56%;\">\n  \t\t\t\t\t\t\t<img loading=\"lazy\" decoding=\"async\" width=\"150\" height=\"150\" src=\"https:\/\/www.mellofarm.gr\/wp-content\/uploads\/2012\/11\/tiganopsoma-mellelaion-150x150.jpg\" class=\"attachment-thumbnail size-thumbnail wp-post-image\" alt=\"\u03a4\u03b7\u03b3\u03b1\u03bd\u03cc\u03c8\u03c9\u03bc\u03b1 \u03c6\u03c4\u03b9\u03b1\u03b3\u03bc\u03ad\u03bd\u03b1 \u03bc\u03b5 Mellelaion\" srcset=\"https:\/\/www.mellofarm.gr\/wp-content\/uploads\/2012\/11\/tiganopsoma-mellelaion-150x150.jpg 150w, https:\/\/www.mellofarm.gr\/wp-content\/uploads\/2012\/11\/tiganopsoma-mellelaion-298x300.jpg 298w, https:\/\/www.mellofarm.gr\/wp-content\/uploads\/2012\/11\/tiganopsoma-mellelaion-148x148.jpg 148w, https:\/\/www.mellofarm.gr\/wp-content\/uploads\/2012\/11\/tiganopsoma-mellelaion-31x31.jpg 31w, https:\/\/www.mellofarm.gr\/wp-content\/uploads\/2012\/11\/tiganopsoma-mellelaion-38x38.jpg 38w, https:\/\/www.mellofarm.gr\/wp-content\/uploads\/2012\/11\/tiganopsoma-mellelaion-213x215.jpg 213w, https:\/\/www.mellofarm.gr\/wp-content\/uploads\/2012\/11\/tiganopsoma-mellelaion.jpg 600w\" sizes=\"auto, (max-width: 150px) 100vw, 150px\" \/>  \t\t\t\t\t\t\t<div class=\"overlay\" style=\"background-color: rgba(0,0,0,.25)\"><\/div>  \t\t\t\t\t\t\t  \t\t\t\t\t\t<\/div>\n  \t\t\t\t\t\t  \t\t\t\t\t<\/div>\n          \t\t\t\t\t<div class=\"box-text text-left\" >\n\t\t\t\t\t<div class=\"box-text-inner blog-post-inner\">\n\n\t\t\t\t\t\n\t\t\t\t\t\t\t\t\t\t<h5 class=\"post-title is-large \">Grossmutters Tiganopsomo<\/h5>\n\t\t\t\t\t<div class=\"post-meta is-small op-8\">30 November 2012<\/div>\t\t\t\t\t<div class=\"is-divider\"><\/div>\n\t\t\t\t\t                    \n\t\t\t\t\t\n\t\t\t\t\t\n\t\t\t\t\t<\/div>\n\t\t\t\t\t<\/div>\n\t\t\t\t\t\t\t\t\t<\/div>\n\t\t\t\t<\/a>\n\t\t\t<\/div>\n\t\t<\/div>\n\t\t<div class=\"col post-item grid-col grid-col-1 large-3 medium-6\" >\n\t\t\t<div class=\"col-inner\">\n\t\t\t<a href=\"https:\/\/www.mellofarm.gr\/de\/mellofar-online-de\/wie-wird-mell-elaion-aufbewahrt-und-verpackt\" class=\"plain\">\n\t\t\t\t<div class=\"box box-overlay dark box-text-bottom box-blog-post has-hover\">\n            \t\t\t\t\t<div class=\"box-image\" >\n  \t\t\t\t\t\t<div class=\"image-cover\" style=\"padding-top:56%;\">\n  \t\t\t\t\t\t\t<img loading=\"lazy\" decoding=\"async\" width=\"263\" height=\"300\" src=\"https:\/\/www.mellofarm.gr\/wp-content\/uploads\/2012\/11\/siskeuasies-263x300.jpg\" class=\"attachment-medium size-medium wp-post-image\" alt=\"\u03a3\u03c5\u03c3\u03ba\u03b5\u03c5\u03b1\u03c3\u03af\u03b5\u03c2 1ltr &amp; 5ltr Mellelaion\" srcset=\"https:\/\/www.mellofarm.gr\/wp-content\/uploads\/2012\/11\/siskeuasies-263x300.jpg 263w, https:\/\/www.mellofarm.gr\/wp-content\/uploads\/2012\/11\/siskeuasies-130x148.jpg 130w, https:\/\/www.mellofarm.gr\/wp-content\/uploads\/2012\/11\/siskeuasies-27x31.jpg 27w, https:\/\/www.mellofarm.gr\/wp-content\/uploads\/2012\/11\/siskeuasies-33x38.jpg 33w, https:\/\/www.mellofarm.gr\/wp-content\/uploads\/2012\/11\/siskeuasies-188x215.jpg 188w, https:\/\/www.mellofarm.gr\/wp-content\/uploads\/2012\/11\/siskeuasies.jpg 500w\" sizes=\"auto, (max-width: 263px) 100vw, 263px\" \/>  \t\t\t\t\t\t\t<div class=\"overlay\" style=\"background-color: rgba(0,0,0,.25)\"><\/div>  \t\t\t\t\t\t\t  \t\t\t\t\t\t<\/div>\n  \t\t\t\t\t\t  \t\t\t\t\t<\/div>\n          \t\t\t\t\t<div class=\"box-text text-left\" >\n\t\t\t\t\t<div class=\"box-text-inner blog-post-inner\">\n\n\t\t\t\t\t\n\t\t\t\t\t\t\t\t\t\t<h5 class=\"post-title is-large \">Wie wird Mell-Elaion aufbewahrt und verpackt<\/h5>\n\t\t\t\t\t<div class=\"post-meta is-small op-8\">13 November 2012<\/div>\t\t\t\t\t<div class=\"is-divider\"><\/div>\n\t\t\t\t\t                    \n\t\t\t\t\t\n\t\t\t\t\t\n\t\t\t\t\t<\/div>\n\t\t\t\t\t<\/div>\n\t\t\t\t\t\t\t\t\t<\/div>\n\t\t\t\t<\/a>\n\t\t\t<\/div>\n\t\t<\/div>\n\t\t<div class=\"col post-item grid-col grid-col-1-2 large-3 medium-6\" >\n\t\t\t<div class=\"col-inner\">\n\t\t\t<a href=\"https:\/\/www.mellofarm.gr\/de\/mellofar-online-de\/unsere-art-olivenol-zu-produzieren\" class=\"plain\">\n\t\t\t\t<div class=\"box box-overlay dark box-text-bottom box-blog-post has-hover\">\n            \t\t\t\t\t<div class=\"box-image\" >\n  \t\t\t\t\t\t<div class=\"image-cover\" style=\"padding-top:56%;\">\n  \t\t\t\t\t\t\t<img loading=\"lazy\" decoding=\"async\" width=\"150\" height=\"150\" src=\"https:\/\/www.mellofarm.gr\/wp-content\/uploads\/2012\/11\/elies-150x150.jpg\" class=\"attachment-thumbnail size-thumbnail wp-post-image\" alt=\"\u03a3\u03c5\u03bb\u03bb\u03bf\u03b3\u03ae \u0395\u03bb\u03b1\u03b9\u03bf\u03ba\u03ac\u03c1\u03c0\u03bf\u03c5\" \/>  \t\t\t\t\t\t\t<div class=\"overlay\" style=\"background-color: rgba(0,0,0,.25)\"><\/div>  \t\t\t\t\t\t\t  \t\t\t\t\t\t<\/div>\n  \t\t\t\t\t\t  \t\t\t\t\t<\/div>\n          \t\t\t\t\t<div class=\"box-text text-left\" >\n\t\t\t\t\t<div class=\"box-text-inner blog-post-inner\">\n\n\t\t\t\t\t\n\t\t\t\t\t\t\t\t\t\t<h5 class=\"post-title is-large \">Unsere Art OLIVEN\u00d6L zu produzieren<\/h5>\n\t\t\t\t\t<div class=\"post-meta is-small op-8\">13 November 2012<\/div>\t\t\t\t\t<div class=\"is-divider\"><\/div>\n\t\t\t\t\t                    \n\t\t\t\t\t\n\t\t\t\t\t\n\t\t\t\t\t<\/div>\n\t\t\t\t\t<\/div>\n\t\t\t\t\t\t\t\t\t<\/div>\n\t\t\t\t<\/a>\n\t\t\t<\/div>\n\t\t<\/div>\n\t\t<div class=\"col post-item grid-col grid-col-1-3 large-6 medium-12\" >\n\t\t\t<div class=\"col-inner\">\n\t\t\t<a href=\"https:\/\/www.mellofarm.gr\/de\/elaiolado-olive-oil-tips-de\/sie-konnen-auch-selber-oliven-nicht-nur-bereiten\" class=\"plain\">\n\t\t\t\t<div class=\"box box-overlay dark box-text-bottom box-blog-post has-hover\">\n            \t\t\t\t\t<div class=\"box-image\" >\n  \t\t\t\t\t\t<div class=\"image-cover\" style=\"padding-top:56%;\">\n  \t\t\t\t\t\t\t<img loading=\"lazy\" decoding=\"async\" width=\"300\" height=\"225\" src=\"https:\/\/www.mellofarm.gr\/wp-content\/uploads\/2012\/11\/elies-xoufta-300x225.jpg\" class=\"attachment-medium size-medium wp-post-image\" alt=\"\" srcset=\"https:\/\/www.mellofarm.gr\/wp-content\/uploads\/2012\/11\/elies-xoufta-300x225.jpg 300w, https:\/\/www.mellofarm.gr\/wp-content\/uploads\/2012\/11\/elies-xoufta-148x111.jpg 148w, https:\/\/www.mellofarm.gr\/wp-content\/uploads\/2012\/11\/elies-xoufta-31x23.jpg 31w, https:\/\/www.mellofarm.gr\/wp-content\/uploads\/2012\/11\/elies-xoufta-38x28.jpg 38w, https:\/\/www.mellofarm.gr\/wp-content\/uploads\/2012\/11\/elies-xoufta-286x215.jpg 286w, https:\/\/www.mellofarm.gr\/wp-content\/uploads\/2012\/11\/elies-xoufta.jpg 500w\" sizes=\"auto, (max-width: 300px) 100vw, 300px\" \/>  \t\t\t\t\t\t\t<div class=\"overlay\" style=\"background-color: rgba(0,0,0,.25)\"><\/div>  \t\t\t\t\t\t\t  \t\t\t\t\t\t<\/div>\n  \t\t\t\t\t\t  \t\t\t\t\t<\/div>\n          \t\t\t\t\t<div class=\"box-text text-left\" >\n\t\t\t\t\t<div class=\"box-text-inner blog-post-inner\">\n\n\t\t\t\t\t\n\t\t\t\t\t\t\t\t\t\t<h5 class=\"post-title is-large \">Sie k\u00f6nnen  auch selber Oliven nicht nur bereiten<\/h5>\n\t\t\t\t\t<div class=\"post-meta is-small op-8\">6 November 2012<\/div>\t\t\t\t\t<div class=\"is-divider\"><\/div>\n\t\t\t\t\t                    \n\t\t\t\t\t\n\t\t\t\t\t\n\t\t\t\t\t<\/div>\n\t\t\t\t\t<\/div>\n\t\t\t\t\t\t\t\t\t<\/div>\n\t\t\t\t<\/a>\n\t\t\t<\/div>\n\t\t<\/div>\n<\/div>\n\t<div id=\"gap-1262502911\" class=\"gap-element clearfix\" style=\"display:block; height:auto;\">\n\t\t\n<style>\n#gap-1262502911 {\n  padding-top: 70px;\n}\n<\/style>\n\t<\/div>\n\t\n","protected":false},"excerpt":{"rendered":"","protected":false},"author":1,"featured_media":0,"parent":0,"menu_order":0,"comment_status":"closed","ping_status":"closed","template":"page-transparent-header.php","meta":{"footnotes":""},"class_list":["post-1623","page","type-page","status-publish","hentry"],"aioseo_notices":[],"_links":{"self":[{"href":"https:\/\/www.mellofarm.gr\/de\/wp-json\/wp\/v2\/pages\/1623","targetHints":{"allow":["GET"]}}],"collection":[{"href":"https:\/\/www.mellofarm.gr\/de\/wp-json\/wp\/v2\/pages"}],"about":[{"href":"https:\/\/www.mellofarm.gr\/de\/wp-json\/wp\/v2\/types\/page"}],"author":[{"embeddable":true,"href":"https:\/\/www.mellofarm.gr\/de\/wp-json\/wp\/v2\/users\/1"}],"replies":[{"embeddable":true,"href":"https:\/\/www.mellofarm.gr\/de\/wp-json\/wp\/v2\/comments?post=1623"}],"version-history":[{"count":4,"href":"https:\/\/www.mellofarm.gr\/de\/wp-json\/wp\/v2\/pages\/1623\/revisions"}],"predecessor-version":[{"id":3647,"href":"https:\/\/www.mellofarm.gr\/de\/wp-json\/wp\/v2\/pages\/1623\/revisions\/3647"}],"wp:attachment":[{"href":"https:\/\/www.mellofarm.gr\/de\/wp-json\/wp\/v2\/media?parent=1623"}],"curies":[{"name":"wp","href":"https:\/\/api.w.org\/{rel}","templated":true}]}}