{"id":1511,"date":"2012-12-04T19:43:34","date_gmt":"2012-12-04T17:43:34","guid":{"rendered":"http:\/\/www.mellofarm.gr\/unsere-olbaume"},"modified":"2015-10-06T19:26:26","modified_gmt":"2015-10-06T16:26:26","slug":"unsere-olbaume","status":"publish","type":"page","link":"https:\/\/www.mellofarm.gr\/de\/unsere-olbaume","title":{"rendered":"Unsere \u00d6lb\u00e4ume"},"content":{"rendered":"<p>Unsere Olivenb\u00e4ume befinden sich in Argolis, in der Region von Thermisia und zwar sowohl auf der Ebene als auch auf den H\u00e4ngen und selbst\u00a0 in den Bergregionen. Dort produzieren wir die Variation \u201eManaki\u201c und \u201eKoronaiki\u201c aus der wir das extra native Oliven\u00f6l \u201eMELL-ELAION\u201c ( MELL-Oliven\u00f6l ) gewinnen.<\/p>\n<figure id=\"attachment_828\" aria-describedby=\"caption-attachment-828\" style=\"width: 650px\" class=\"wp-caption aligncenter\"><a href=\"http:\/\/www.mellofarm.gr\/?attachment_id=828\" rel=\"attachment wp-att-828\"><img loading=\"lazy\" decoding=\"async\" class=\"size-full wp-image-828\" src=\"http:\/\/www.mellofarm.gr\/wp-content\/uploads\/places.jpg\" alt=\"PIGADIA ERMIONIS ARGOLIDOS\" width=\"650\" height=\"304\" srcset=\"https:\/\/www.mellofarm.gr\/wp-content\/uploads\/places.jpg 650w, https:\/\/www.mellofarm.gr\/wp-content\/uploads\/places-300x140.jpg 300w, https:\/\/www.mellofarm.gr\/wp-content\/uploads\/places-600x280.jpg 600w, https:\/\/www.mellofarm.gr\/wp-content\/uploads\/places-148x69.jpg 148w, https:\/\/www.mellofarm.gr\/wp-content\/uploads\/places-31x14.jpg 31w, https:\/\/www.mellofarm.gr\/wp-content\/uploads\/places-38x17.jpg 38w, https:\/\/www.mellofarm.gr\/wp-content\/uploads\/places-425x198.jpg 425w\" sizes=\"auto, (max-width: 650px) 100vw, 650px\" \/><\/a><figcaption id=\"caption-attachment-828\" class=\"wp-caption-text\">\u03a0\u03b7\u03b3\u03ac\u03b4\u03b9\u03b1 \u0395\u03c1\u03bc\u03b9\u03cc\u03bd\u03b7\u03c2 \u0391<\/figcaption><\/figure>\n<p style=\"text-align: right;\">.<\/p>\n<p style=\"text-align: left;\"><strong>ERMIONIDA<\/strong><\/p>\n<p>Ermionida selbst liegt am Meer und ist eine Region mit wundersch\u00f6nen Buchten, die sie auch f\u00fcr den Tourismus sehr attraktiv machen. Sie ist voll von Olivenhainen, Plantagen \u00a0mit Zitrusfr\u00fcchten und den ber\u00fchmten Granat\u00e4pfeln und hochwertigem Gem\u00fcse.\u00a0 Gleichzeitig findet man hier auch viele\u00a0 \u00a0\u00a0Fischerkuttern, was \u00a0immer frischen Fisch bedeutet.<\/p>\n<p>Charakteristisch f\u00fcr das Klima der Region ist ein langer, milder Winter mit wenig Regen und sehr viel Sonnenschein. Dieses Klima ist ideal f\u00fcr den Anbau von Olivenb\u00e4umen und die Produktion von hervorragendem, extra nativem Oliven\u00f6l. Das ist auch der Grund warum das Oliven\u00f6l der Region Ermionida von der EU als gesch\u00fctztes Produkt (A.C.) mit dem Namen \u201eKranidi Argolidas\u201c certifiziert wurde.<\/p>\n<p style=\"text-align: right;\"><span style=\"text-align: right;\">.<\/span><\/p>\n<p><strong>Ermionida auf der Landkarte<\/strong><\/p>\n<p>Ermionida befindet sich im nord\u00f6stlichen Peloponnes gegen\u00fcber von den Inseln Hydra und Spetses und geh\u00f6rt dem Verwaltungsgebiet der Argolis. Fr\u00fcher war sie sogar eine eigenst\u00e4ndige Provinz deren wichtigsten Orte Kranidi und Ermioni waren. Thermisia ist eines ihrer \u00a0gr\u00f6\u00dferen D\u00f6rfer, das sogar eine venezianische Burg besitzt.<\/p>\n<div align=\"center\">\n<p><iframe loading=\"lazy\" src=\"https:\/\/www.google.gr\/maps?f=d&amp;source=s_d&amp;saddr=&amp;daddr=37.414593,23.380428&amp;hl=el&amp;geocode=&amp;sll=37.414525,23.38249&amp;sspn=0.004712,0.010568&amp;t=h&amp;mra=mift&amp;mrsp=1&amp;sz=17&amp;ie=UTF8&amp;ll=37.379979,23.372726&amp;spn=0.245532,0.445633&amp;z=11&amp;output=embed\" width=\"630\" height=\"450\" frameborder=\"0\" marginwidth=\"0\" marginheight=\"0\" scrolling=\"no\"><\/iframe><\/p>\n<p><small><a style=\"color: #0000ff; text-align: left;\" href=\"https:\/\/www.google.gr\/maps?f=d&amp;source=embed&amp;saddr=&amp;daddr=37.414593,23.380428&amp;hl=el&amp;geocode=&amp;sll=37.414525,23.38249&amp;sspn=0.004712,0.010568&amp;t=h&amp;mra=mift&amp;mrsp=1&amp;sz=17&amp;ie=UTF8&amp;ll=37.379979,23.372726&amp;spn=0.245532,0.445633&amp;z=11\">\u03a0\u03c1\u03bf\u03b2\u03bf\u03bb\u03ae \u03bc\u03b5\u03b3\u03b1\u03bb\u03cd\u03c4\u03b5\u03c1\u03bf\u03c5 \u03c7\u03ac\u03c1\u03c4\u03b7<\/a><\/small><\/p>\n<\/div>\n<p style=\"text-align: right;\">.<\/p>\n<p><strong>Die Geschichte der Region Ermionida.<\/strong><\/p>\n<p>Die arch\u00e4ologischen Befunde beweisen da\u00df die Region ununterbrochen bewohnt wurde und zwar von\u00a0 25.000v.C. bis heute. Hier befindet sich die f\u00fcr die pr\u00e4historische Arch\u00e4ologie bedeutende Grote von Frachthi. W\u00e4hrend der mykenischen Periode bl\u00fchte das St\u00e4dtchen Massitos. Die Stadt Ermioni wiederum wird zusammen mit ihren 300 Hopliten auf einem goldenen Dreifu\u00df im Heiligtum von Delphi erw\u00e4hnt. Der Dreifu\u00df war ein Dankesopfer f\u00fcr den Sieg gegen die Perser. In der neueren Zeit, fingen 1827 die Arbeiten zur ersten konstitutionellen<\/p>\n<p>Versammlung des neugegr\u00fcndeten\u00a0 griechischen Staates, in der Stadt Ermioni an.<\/p>\n<figure id=\"attachment_959\" aria-describedby=\"caption-attachment-959\" style=\"width: 600px\" class=\"wp-caption aligncenter\"><a href=\"http:\/\/www.mellofarm.gr\/ladi-elias\/elaionas-mellofarm\/attachment\/ermioni-600\" rel=\"attachment wp-att-959\"><img loading=\"lazy\" decoding=\"async\" class=\"size-full wp-image-959\" title=\"\u0395\u03c1\u03bc\u03b9\u03cc\u03bd\u03b7 \u0391\u03c1\u03b3\u03bf\u03bb\u03af\u03b4\u03bf\u03c2\" src=\"http:\/\/www.mellofarm.gr\/wp-content\/uploads\/2012\/11\/Ermioni-600.jpg\" alt=\"\u0395\u03c1\u03bc\u03b9\u03cc\u03bd\u03b7 \u0391\u03c1\u03b3\u03bf\u03bb\u03af\u03b4\u03bf\u03c2\" width=\"600\" height=\"450\" srcset=\"https:\/\/www.mellofarm.gr\/wp-content\/uploads\/2012\/11\/Ermioni-600.jpg 600w, https:\/\/www.mellofarm.gr\/wp-content\/uploads\/2012\/11\/Ermioni-600-300x225.jpg 300w, https:\/\/www.mellofarm.gr\/wp-content\/uploads\/2012\/11\/Ermioni-600-148x111.jpg 148w, https:\/\/www.mellofarm.gr\/wp-content\/uploads\/2012\/11\/Ermioni-600-31x23.jpg 31w, https:\/\/www.mellofarm.gr\/wp-content\/uploads\/2012\/11\/Ermioni-600-38x28.jpg 38w, https:\/\/www.mellofarm.gr\/wp-content\/uploads\/2012\/11\/Ermioni-600-286x215.jpg 286w\" sizes=\"auto, (max-width: 600px) 100vw, 600px\" \/><\/a><figcaption id=\"caption-attachment-959\" class=\"wp-caption-text\">\u0395\u03c1\u03bc\u03b9\u03cc\u03bd\u03b7 \u0391\u03c1\u03b3\u03bf\u03bb\u03af\u03b4\u03bf\u03c2<\/figcaption><\/figure>\n<p>Ermioni und auch die ganze Provinz Ermionida bekam ihren <a title=\"Hermione_(Mythologie)\" href=\"http:\/\/de.wikipedia.org\/wiki\/Hermione_(Mythologie)\" target=\"_blank\">Namen von der Tochter des Menelaos\u00a0 und der sch\u00f6nen Helena die\u00a0<strong><em>Ermioni<\/em>\u00a0<\/strong>hie\u00df. Pausanias dagegen behauptet, glaubw\u00fcrdiger, da\u00df die Stadt von\u00a0<\/a><strong><em><a title=\"Hermione_(Mythologie)\" href=\"http:\/\/de.wikipedia.org\/wiki\/Hermione_(Mythologie)\" target=\"_blank\">Ermion<\/a>,\u00a0<\/em><\/strong>dem Sohn des Europos gegr\u00fcndet wurde. Letzterer war ein Enkel von Foroneas und ein Neffe von Niobe, Pelasgos und Agenor.<\/p>\n","protected":false},"excerpt":{"rendered":"<p>Unsere Olivenb\u00e4ume befinden sich in Argolis, in der Region von Thermisia und zwar sowohl auf der Ebene als auch auf den H\u00e4ngen und selbst\u00a0 in den Bergregionen. Dort produzieren wir die Variation \u201eManaki\u201c und \u201eKoronaiki\u201c aus der wir das extra native Oliven\u00f6l \u201eMELL-ELAION\u201c ( MELL-Oliven\u00f6l ) gewinnen. . ERMIONIDA Ermionida selbst liegt am Meer und [&#8230;]\n","protected":false},"author":1,"featured_media":2621,"parent":0,"menu_order":0,"comment_status":"closed","ping_status":"closed","template":"","meta":{"footnotes":""},"class_list":["post-1511","page","type-page","status-publish","has-post-thumbnail","hentry"],"aioseo_notices":[],"_links":{"self":[{"href":"https:\/\/www.mellofarm.gr\/de\/wp-json\/wp\/v2\/pages\/1511","targetHints":{"allow":["GET"]}}],"collection":[{"href":"https:\/\/www.mellofarm.gr\/de\/wp-json\/wp\/v2\/pages"}],"about":[{"href":"https:\/\/www.mellofarm.gr\/de\/wp-json\/wp\/v2\/types\/page"}],"author":[{"embeddable":true,"href":"https:\/\/www.mellofarm.gr\/de\/wp-json\/wp\/v2\/users\/1"}],"replies":[{"embeddable":true,"href":"https:\/\/www.mellofarm.gr\/de\/wp-json\/wp\/v2\/comments?post=1511"}],"version-history":[{"count":0,"href":"https:\/\/www.mellofarm.gr\/de\/wp-json\/wp\/v2\/pages\/1511\/revisions"}],"wp:featuredmedia":[{"embeddable":true,"href":"https:\/\/www.mellofarm.gr\/de\/wp-json\/wp\/v2\/media\/2621"}],"wp:attachment":[{"href":"https:\/\/www.mellofarm.gr\/de\/wp-json\/wp\/v2\/media?parent=1511"}],"curies":[{"name":"wp","href":"https:\/\/api.w.org\/{rel}","templated":true}]}}